{"id":46,"date":"2018-12-12T19:41:20","date_gmt":"2018-12-12T18:41:20","guid":{"rendered":"http:\/\/freepazhernals6.noblogs.org\/?page_id=46"},"modified":"2018-12-12T19:58:57","modified_gmt":"2018-12-12T18:58:57","slug":"abschiebegefaengnisse","status":"publish","type":"page","link":"https:\/\/freepazhernals6.noblogs.org\/de\/abschiebegefaengnisse\/","title":{"rendered":"Abschiebegef\u00e4ngnisse"},"content":{"rendered":"<p>In Abschiebegef\u00e4ngnissen wie dem PAZ Hernals werden Menschen &#8222;im Ermessen der Polizei&#8220; und ohne richterlichen Beschluss eingesperrt, wenn sie keine g\u00fcltigen Aufenthaltspapiere haben oder ihre Abschiebung bevor steht. Die Schubhaft ist keine Strafhaft, sondern eine Verwaltungshaft, die offiziell dazu dient, eine Abschiebung durchf\u00fchren zu k\u00f6nnen. Viele Gefangene haben keine Ahnung, warum und f\u00fcr wie lange sie eingesperrt werden und sind v\u00f6llig isoliert. Die Bedingungen in Abschiebegef\u00e4ngnissen werden seit langem kritisiert und es wird Widerstand geleistet: Hungerstreiks, Selbstverletzungen, Selbstmordversuche sind keine Seltenheit. Gefangene setzen ihre Gesundheit oder ihr Leben aufs Spiel, weil der Einsatz ihres K\u00f6rpers als einzige M\u00f6glichkeit bleibt, gegen die Gefangenschaft und die drohende Abschiebung Widerstand zu leisten und f\u00fcr ihre Freiheit zu k\u00e4mpfen. Zwischen 2013 und 2018 waren in \u00f6sterreichischen Abschiebegef\u00e4ngnissen laut einer parlamentarischen Anfrage 18.033 Menschen eingesperrt. Im selben Zeitraum wurden offiziell 3.637 Hungerstreiks gez\u00e4hlt, davon allein 2.848 im PAZ Hernals. Immer wieder kommt es zu Ausbruchsversuchen &#8211; die nicht selten erfolgreich sind. All das ist kaum bekannt, weil die privaten und \u00f6ffentlichen Betreiber_innen von Abschiebegef\u00e4ngnissen \u2013 wie auch von Strafgef\u00e4ngnissen \u2013 versuchen, die Vorg\u00e4nge hinter Gittern nicht nach drau\u00dfen dringen zu lassen. Ehemalige Gefangene berichten: Gewalt und Misshandlungen gegen Gefangene geh\u00f6ren zum Alltag im Abschiebegef\u00e4ngnis.<\/p>\n","protected":false},"excerpt":{"rendered":"<p>In Abschiebegef\u00e4ngnissen wie dem PAZ Hernals werden Menschen &#8222;im Ermessen der Polizei&#8220; und ohne richterlichen Beschluss eingesperrt, wenn sie keine g\u00fcltigen Aufenthaltspapiere haben oder ihre Abschiebung bevor steht. Die Schubhaft ist keine Strafhaft, sondern eine Verwaltungshaft, die offiziell dazu dient, &hellip; <a href=\"https:\/\/freepazhernals6.noblogs.org\/de\/abschiebegefaengnisse\/\">Weiterlesen <span class=\"meta-nav\">&rarr;<\/span><\/a><\/p>\n","protected":false},"author":13261,"featured_media":0,"parent":0,"menu_order":3,"comment_status":"closed","ping_status":"closed","template":"","meta":{"_locale":"de_DE","_original_post":"46","footnotes":""},"class_list":["post-46","page","type-page","status-publish","hentry","de-DE"],"_links":{"self":[{"href":"https:\/\/freepazhernals6.noblogs.org\/wp-json\/wp\/v2\/pages\/46","targetHints":{"allow":["GET"]}}],"collection":[{"href":"https:\/\/freepazhernals6.noblogs.org\/wp-json\/wp\/v2\/pages"}],"about":[{"href":"https:\/\/freepazhernals6.noblogs.org\/wp-json\/wp\/v2\/types\/page"}],"author":[{"embeddable":true,"href":"https:\/\/freepazhernals6.noblogs.org\/wp-json\/wp\/v2\/users\/13261"}],"replies":[{"embeddable":true,"href":"https:\/\/freepazhernals6.noblogs.org\/wp-json\/wp\/v2\/comments?post=46"}],"version-history":[{"count":1,"href":"https:\/\/freepazhernals6.noblogs.org\/wp-json\/wp\/v2\/pages\/46\/revisions"}],"predecessor-version":[{"id":47,"href":"https:\/\/freepazhernals6.noblogs.org\/wp-json\/wp\/v2\/pages\/46\/revisions\/47"}],"wp:attachment":[{"href":"https:\/\/freepazhernals6.noblogs.org\/wp-json\/wp\/v2\/media?parent=46"}],"curies":[{"name":"wp","href":"https:\/\/api.w.org\/{rel}","templated":true}]}}